{"id":9,"date":"2024-10-09T20:06:39","date_gmt":"2024-10-09T20:06:39","guid":{"rendered":"https:\/\/msametalmecanica.com.br\/?page_id=9"},"modified":"2024-11-03T14:44:49","modified_gmt":"2024-11-03T14:44:49","slug":"empresa","status":"publish","type":"page","link":"https:\/\/msametalmecanica.com.br\/index.php\/empresa\/","title":{"rendered":"A Empresa"},"content":{"rendered":"\t\t<div data-elementor-type=\"wp-page\" data-elementor-id=\"9\" class=\"elementor elementor-9\" data-elementor-post-type=\"page\">\n\t\t\t\t<div class=\"elementor-element elementor-element-b4964bc e-flex e-con-boxed e-con e-parent\" data-id=\"b4964bc\" data-element_type=\"container\">\n\t\t\t\t\t<div class=\"e-con-inner\">\n\t\t<div class=\"elementor-element elementor-element-97cb11b e-con-full e-flex e-con e-child\" data-id=\"97cb11b\" data-element_type=\"container\">\n\t\t\t\t<div class=\"elementor-element elementor-element-29d27235 elementor-widget elementor-widget-image\" data-id=\"29d27235\" data-element_type=\"widget\" data-widget_type=\"image.default\">\n\t\t\t\t<div class=\"elementor-widget-container\">\n\t\t\t\t\t\t\t\t\t\t\t\t\t<img fetchpriority=\"high\" decoding=\"async\" width=\"500\" height=\"130\" src=\"https:\/\/msametalmecanica.com.br\/wp-content\/uploads\/2024\/10\/MSHARK.jpg\" class=\"attachment-large size-large wp-image-11\" alt=\"\" srcset=\"https:\/\/msametalmecanica.com.br\/wp-content\/uploads\/2024\/10\/MSHARK.jpg 500w, https:\/\/msametalmecanica.com.br\/wp-content\/uploads\/2024\/10\/MSHARK-300x78.jpg 300w\" sizes=\"(max-width: 500px) 100vw, 500px\" \/>\t\t\t\t\t\t\t\t\t\t\t\t\t<\/div>\n\t\t\t\t<\/div>\n\t\t\t\t<\/div>\n\t\t<div class=\"elementor-element elementor-element-601a6304 e-con-full e-flex e-con e-child\" data-id=\"601a6304\" data-element_type=\"container\">\n\t\t\t\t<div class=\"elementor-element elementor-element-e68d272 elementor-nav-menu__align-right elementor-nav-menu--dropdown-tablet elementor-nav-menu__text-align-aside elementor-nav-menu--toggle elementor-nav-menu--burger elementor-widget elementor-widget-nav-menu\" data-id=\"e68d272\" data-element_type=\"widget\" data-settings=\"{&quot;layout&quot;:&quot;horizontal&quot;,&quot;submenu_icon&quot;:{&quot;value&quot;:&quot;&lt;svg class=\\&quot;e-font-icon-svg e-fas-caret-down\\&quot; viewBox=\\&quot;0 0 320 512\\&quot; xmlns=\\&quot;http:\\\/\\\/www.w3.org\\\/2000\\\/svg\\&quot;&gt;&lt;path d=\\&quot;M31.3 192h257.3c17.8 0 26.7 21.5 14.1 34.1L174.1 354.8c-7.8 7.8-20.5 7.8-28.3 0L17.2 226.1C4.6 213.5 13.5 192 31.3 192z\\&quot;&gt;&lt;\\\/path&gt;&lt;\\\/svg&gt;&quot;,&quot;library&quot;:&quot;fa-solid&quot;},&quot;toggle&quot;:&quot;burger&quot;}\" data-widget_type=\"nav-menu.default\">\n\t\t\t\t<div class=\"elementor-widget-container\">\n\t\t\t\t\t\t<nav class=\"elementor-nav-menu--main elementor-nav-menu__container elementor-nav-menu--layout-horizontal e--pointer-underline e--animation-fade\">\n\t\t\t\t<ul id=\"menu-1-e68d272\" class=\"elementor-nav-menu\"><li class=\"menu-item menu-item-type-post_type menu-item-object-page menu-item-home menu-item-219\"><a href=\"https:\/\/msametalmecanica.com.br\/\" class=\"elementor-item\">In\u00edcio<\/a><\/li>\n<li class=\"menu-item menu-item-type-post_type menu-item-object-page menu-item-282\"><a href=\"https:\/\/msametalmecanica.com.br\/index.php\/empresa\/\" class=\"elementor-item\">A Empresa<\/a><\/li>\n<li class=\"menu-item menu-item-type-custom menu-item-object-custom menu-item-has-children menu-item-226\"><a href=\"#servicos\" class=\"elementor-item elementor-item-anchor\">Servi\u00e7os<\/a>\n<ul class=\"sub-menu elementor-nav-menu--dropdown\">\n\t<li class=\"menu-item menu-item-type-post_type menu-item-object-page menu-item-218\"><a href=\"https:\/\/msametalmecanica.com.br\/index.php\/grade\/\" class=\"elementor-sub-item\">Grade de Piso<\/a><\/li>\n\t<li class=\"menu-item menu-item-type-post_type menu-item-object-page menu-item-215\"><a href=\"https:\/\/msametalmecanica.com.br\/index.php\/cortedobra\/\" class=\"elementor-sub-item\">Corte e Dobra<\/a><\/li>\n\t<li class=\"menu-item menu-item-type-post_type menu-item-object-page menu-item-214\"><a href=\"https:\/\/msametalmecanica.com.br\/index.php\/cortelaser\/\" class=\"elementor-sub-item\">Corte \u00e0 Laser<\/a><\/li>\n\t<li class=\"menu-item menu-item-type-post_type menu-item-object-page menu-item-221\"><a href=\"https:\/\/msametalmecanica.com.br\/index.php\/suporte\/\" class=\"elementor-sub-item\">Suporte para Tubula\u00e7\u00e3o<\/a><\/li>\n\t<li class=\"menu-item menu-item-type-post_type menu-item-object-page menu-item-220\"><a href=\"https:\/\/msametalmecanica.com.br\/index.php\/campo\/\" class=\"elementor-sub-item\">Montagem de Campo<\/a><\/li>\n\t<li class=\"menu-item menu-item-type-post_type menu-item-object-page menu-item-213\"><a href=\"https:\/\/msametalmecanica.com.br\/index.php\/caldeiraria\/\" class=\"elementor-sub-item\">Caldeiraria sob encomenda<\/a><\/li>\n\t<li class=\"menu-item menu-item-type-post_type menu-item-object-page menu-item-216\"><a href=\"https:\/\/msametalmecanica.com.br\/index.php\/estruturas\/\" class=\"elementor-sub-item\">Fabrica\u00e7\u00e3o de Estruturas Met\u00e1licas<\/a><\/li>\n<\/ul>\n<\/li>\n<li class=\"menu-item menu-item-type-post_type menu-item-object-page menu-item-292\"><a href=\"https:\/\/msametalmecanica.com.br\/index.php\/imagen\/\" class=\"elementor-item\">Galeria de Obras<\/a><\/li>\n<\/ul>\t\t\t<\/nav>\n\t\t\t\t\t<div class=\"elementor-menu-toggle\" role=\"button\" tabindex=\"0\" aria-label=\"Menu Toggle\" aria-expanded=\"false\">\n\t\t\t<svg aria-hidden=\"true\" role=\"presentation\" class=\"elementor-menu-toggle__icon--open e-font-icon-svg e-eicon-menu-bar\" viewBox=\"0 0 1000 1000\" xmlns=\"http:\/\/www.w3.org\/2000\/svg\"><path d=\"M104 333H896C929 333 958 304 958 271S929 208 896 208H104C71 208 42 237 42 271S71 333 104 333ZM104 583H896C929 583 958 554 958 521S929 458 896 458H104C71 458 42 487 42 521S71 583 104 583ZM104 833H896C929 833 958 804 958 771S929 708 896 708H104C71 708 42 737 42 771S71 833 104 833Z\"><\/path><\/svg><svg aria-hidden=\"true\" role=\"presentation\" class=\"elementor-menu-toggle__icon--close e-font-icon-svg e-eicon-close\" viewBox=\"0 0 1000 1000\" xmlns=\"http:\/\/www.w3.org\/2000\/svg\"><path d=\"M742 167L500 408 258 167C246 154 233 150 217 150 196 150 179 158 167 167 154 179 150 196 150 212 150 229 154 242 171 254L408 500 167 742C138 771 138 800 167 829 196 858 225 858 254 829L496 587 738 829C750 842 767 846 783 846 800 846 817 842 829 829 842 817 846 804 846 783 846 767 842 750 829 737L588 500 833 258C863 229 863 200 833 171 804 137 775 137 742 167Z\"><\/path><\/svg>\t\t\t<span class=\"elementor-screen-only\">Menu<\/span>\n\t\t<\/div>\n\t\t\t\t\t<nav class=\"elementor-nav-menu--dropdown elementor-nav-menu__container\" aria-hidden=\"true\">\n\t\t\t\t<ul id=\"menu-2-e68d272\" class=\"elementor-nav-menu\"><li class=\"menu-item menu-item-type-post_type menu-item-object-page menu-item-home menu-item-219\"><a href=\"https:\/\/msametalmecanica.com.br\/\" class=\"elementor-item\" tabindex=\"-1\">In\u00edcio<\/a><\/li>\n<li class=\"menu-item menu-item-type-post_type menu-item-object-page menu-item-282\"><a href=\"https:\/\/msametalmecanica.com.br\/index.php\/empresa\/\" class=\"elementor-item\" tabindex=\"-1\">A Empresa<\/a><\/li>\n<li class=\"menu-item menu-item-type-custom menu-item-object-custom menu-item-has-children menu-item-226\"><a href=\"#servicos\" class=\"elementor-item elementor-item-anchor\" tabindex=\"-1\">Servi\u00e7os<\/a>\n<ul class=\"sub-menu elementor-nav-menu--dropdown\">\n\t<li class=\"menu-item menu-item-type-post_type menu-item-object-page menu-item-218\"><a href=\"https:\/\/msametalmecanica.com.br\/index.php\/grade\/\" class=\"elementor-sub-item\" tabindex=\"-1\">Grade de Piso<\/a><\/li>\n\t<li class=\"menu-item menu-item-type-post_type menu-item-object-page menu-item-215\"><a href=\"https:\/\/msametalmecanica.com.br\/index.php\/cortedobra\/\" class=\"elementor-sub-item\" tabindex=\"-1\">Corte e Dobra<\/a><\/li>\n\t<li class=\"menu-item menu-item-type-post_type menu-item-object-page menu-item-214\"><a href=\"https:\/\/msametalmecanica.com.br\/index.php\/cortelaser\/\" class=\"elementor-sub-item\" tabindex=\"-1\">Corte \u00e0 Laser<\/a><\/li>\n\t<li class=\"menu-item menu-item-type-post_type menu-item-object-page menu-item-221\"><a href=\"https:\/\/msametalmecanica.com.br\/index.php\/suporte\/\" class=\"elementor-sub-item\" tabindex=\"-1\">Suporte para Tubula\u00e7\u00e3o<\/a><\/li>\n\t<li class=\"menu-item menu-item-type-post_type menu-item-object-page menu-item-220\"><a href=\"https:\/\/msametalmecanica.com.br\/index.php\/campo\/\" class=\"elementor-sub-item\" tabindex=\"-1\">Montagem de Campo<\/a><\/li>\n\t<li class=\"menu-item menu-item-type-post_type menu-item-object-page menu-item-213\"><a href=\"https:\/\/msametalmecanica.com.br\/index.php\/caldeiraria\/\" class=\"elementor-sub-item\" tabindex=\"-1\">Caldeiraria sob encomenda<\/a><\/li>\n\t<li class=\"menu-item menu-item-type-post_type menu-item-object-page menu-item-216\"><a href=\"https:\/\/msametalmecanica.com.br\/index.php\/estruturas\/\" class=\"elementor-sub-item\" tabindex=\"-1\">Fabrica\u00e7\u00e3o de Estruturas Met\u00e1licas<\/a><\/li>\n<\/ul>\n<\/li>\n<li class=\"menu-item menu-item-type-post_type menu-item-object-page menu-item-292\"><a href=\"https:\/\/msametalmecanica.com.br\/index.php\/imagen\/\" class=\"elementor-item\" tabindex=\"-1\">Galeria de Obras<\/a><\/li>\n<\/ul>\t\t\t<\/nav>\n\t\t\t\t<\/div>\n\t\t\t\t<\/div>\n\t\t\t\t<\/div>\n\t\t\t\t\t<\/div>\n\t\t\t\t<\/div>\n\t\t<div class=\"elementor-element elementor-element-3e940439 e-flex e-con-boxed e-con e-parent\" data-id=\"3e940439\" data-element_type=\"container\" data-settings=\"{&quot;background_background&quot;:&quot;classic&quot;}\">\n\t\t\t\t\t<div class=\"e-con-inner\">\n\t\t<div class=\"elementor-element elementor-element-3df19876 e-con-full e-flex e-con e-child\" data-id=\"3df19876\" data-element_type=\"container\">\n\t\t\t\t<div class=\"elementor-element elementor-element-39b6648b elementor-widget elementor-widget-image\" data-id=\"39b6648b\" data-element_type=\"widget\" data-widget_type=\"image.default\">\n\t\t\t\t<div class=\"elementor-widget-container\">\n\t\t\t\t\t\t\t\t\t\t\t\t\t<img decoding=\"async\" width=\"800\" height=\"600\" src=\"https:\/\/msametalmecanica.com.br\/wp-content\/uploads\/2024\/10\/WhatsApp-Image-2024-10-11-at-13.23.15-1024x768.jpeg\" class=\"attachment-large size-large wp-image-271\" alt=\"\" srcset=\"https:\/\/msametalmecanica.com.br\/wp-content\/uploads\/2024\/10\/WhatsApp-Image-2024-10-11-at-13.23.15-1024x768.jpeg 1024w, https:\/\/msametalmecanica.com.br\/wp-content\/uploads\/2024\/10\/WhatsApp-Image-2024-10-11-at-13.23.15-300x225.jpeg 300w, https:\/\/msametalmecanica.com.br\/wp-content\/uploads\/2024\/10\/WhatsApp-Image-2024-10-11-at-13.23.15-768x576.jpeg 768w, https:\/\/msametalmecanica.com.br\/wp-content\/uploads\/2024\/10\/WhatsApp-Image-2024-10-11-at-13.23.15.jpeg 1280w\" sizes=\"(max-width: 800px) 100vw, 800px\" \/>\t\t\t\t\t\t\t\t\t\t\t\t\t<\/div>\n\t\t\t\t<\/div>\n\t\t\t\t<\/div>\n\t\t<div class=\"elementor-element elementor-element-3f3208a e-con-full e-flex e-con e-child\" data-id=\"3f3208a\" data-element_type=\"container\">\n\t\t\t\t<div class=\"elementor-element elementor-element-13ae7ae3 elementor-widget elementor-widget-heading\" data-id=\"13ae7ae3\" data-element_type=\"widget\" data-widget_type=\"heading.default\">\n\t\t\t\t<div class=\"elementor-widget-container\">\n\t\t\t<h2 class=\"elementor-heading-title elementor-size-default\">SOBRE A MSAMETALMEC\u00c2NICA<\/h2>\t\t<\/div>\n\t\t\t\t<\/div>\n\t\t\t\t<div class=\"elementor-element elementor-element-557eb5c6 elementor-widget-divider--view-line elementor-widget elementor-widget-divider\" data-id=\"557eb5c6\" data-element_type=\"widget\" data-widget_type=\"divider.default\">\n\t\t\t\t<div class=\"elementor-widget-container\">\n\t\t\t\t\t<div class=\"elementor-divider\">\n\t\t\t<span class=\"elementor-divider-separator\">\n\t\t\t\t\t\t<\/span>\n\t\t<\/div>\n\t\t\t\t<\/div>\n\t\t\t\t<\/div>\n\t\t\t\t<div class=\"elementor-element elementor-element-79904b1b elementor-widget elementor-widget-heading\" data-id=\"79904b1b\" data-element_type=\"widget\" data-widget_type=\"heading.default\">\n\t\t\t\t<div class=\"elementor-widget-container\">\n\t\t\t<h2 class=\"elementor-heading-title elementor-size-default\">A MSAMETALMECANICA (Maltas Solu\u00e7\u00f5es em A\u00e7o) \u00e9 uma empresa estabelecida no mercado de fabrica\u00e7\u00e3o e montagem de estruturas met\u00e1licas, fabrica\u00e7\u00e3o de tubula\u00e7\u00e3o, caldeiraria e usinagem, com medias e grandes obras no seu acervo t\u00e9cnico . Contamos com tr\u00eas unidade fabris em Barra Mansa - RJ.\n\n\n\n\n\n\n\n\n\n\n\n<\/h2>\t\t<\/div>\n\t\t\t\t<\/div>\n\t\t\t\t<div class=\"elementor-element elementor-element-4cca9a4c elementor-widget elementor-widget-heading\" data-id=\"4cca9a4c\" data-element_type=\"widget\" data-widget_type=\"heading.default\">\n\t\t\t\t<div class=\"elementor-widget-container\">\n\t\t\t<h2 class=\"elementor-heading-title elementor-size-default\">Nossos processos s\u00e3o certificados, o que garante todo o cuidado desde o projeto at\u00e9 a entraga do produto ou servi\u00e7o. Atendemos em todo o territ\u00f3rio Nacional. Conhe\u00e7a em nosso site um pouco mais sobre a MSAMETALMECANICA<\/h2>\t\t<\/div>\n\t\t\t\t<\/div>\n\t\t\t\t<\/div>\n\t\t\t\t\t<\/div>\n\t\t\t\t<\/div>\n\t\t<div class=\"elementor-element elementor-element-5db9707a e-flex e-con-boxed e-con e-parent\" data-id=\"5db9707a\" data-element_type=\"container\">\n\t\t\t\t\t<div class=\"e-con-inner\">\n\t\t\t\t<div class=\"elementor-element elementor-element-56fc19fd elementor-widget elementor-widget-heading\" data-id=\"56fc19fd\" data-element_type=\"widget\" data-widget_type=\"heading.default\">\n\t\t\t\t<div class=\"elementor-widget-container\">\n\t\t\t<h2 class=\"elementor-heading-title elementor-size-default\">CERTIFICA\u00c7\u00d5ES<\/h2>\t\t<\/div>\n\t\t\t\t<\/div>\n\t\t\t\t<div class=\"elementor-element elementor-element-63868400 elementor-widget elementor-widget-image-carousel\" data-id=\"63868400\" data-element_type=\"widget\" data-settings=\"{&quot;slides_to_show&quot;:&quot;5&quot;,&quot;navigation&quot;:&quot;none&quot;,&quot;autoplay&quot;:&quot;yes&quot;,&quot;pause_on_hover&quot;:&quot;yes&quot;,&quot;pause_on_interaction&quot;:&quot;yes&quot;,&quot;autoplay_speed&quot;:5000,&quot;infinite&quot;:&quot;yes&quot;,&quot;speed&quot;:500}\" data-widget_type=\"image-carousel.default\">\n\t\t\t\t<div class=\"elementor-widget-container\">\n\t\t\t\t\t<div class=\"elementor-image-carousel-wrapper swiper\" dir=\"ltr\">\n\t\t\t<div class=\"elementor-image-carousel swiper-wrapper\" aria-live=\"off\">\n\t\t\t\t\t\t\t\t<div class=\"swiper-slide\" role=\"group\" aria-roledescription=\"slide\" aria-label=\"1 de 5\"><figure class=\"swiper-slide-inner\"><img decoding=\"async\" class=\"swiper-slide-image\" src=\"https:\/\/msametalmecanica.com.br\/wp-content\/uploads\/2024\/10\/1-2-150x150.png\" alt=\"\" \/><\/figure><\/div><div class=\"swiper-slide\" role=\"group\" aria-roledescription=\"slide\" aria-label=\"2 de 5\"><figure class=\"swiper-slide-inner\"><img decoding=\"async\" class=\"swiper-slide-image\" src=\"https:\/\/msametalmecanica.com.br\/wp-content\/uploads\/2024\/10\/2-2-150x150.png\" alt=\"\" \/><\/figure><\/div><div class=\"swiper-slide\" role=\"group\" aria-roledescription=\"slide\" aria-label=\"3 de 5\"><figure class=\"swiper-slide-inner\"><img decoding=\"async\" class=\"swiper-slide-image\" src=\"https:\/\/msametalmecanica.com.br\/wp-content\/uploads\/2024\/10\/3-2-150x150.png\" alt=\"\" \/><\/figure><\/div><div class=\"swiper-slide\" role=\"group\" aria-roledescription=\"slide\" aria-label=\"4 de 5\"><figure class=\"swiper-slide-inner\"><img decoding=\"async\" class=\"swiper-slide-image\" src=\"https:\/\/msametalmecanica.com.br\/wp-content\/uploads\/2024\/10\/4-1-150x150.png\" alt=\"\" \/><\/figure><\/div><div class=\"swiper-slide\" role=\"group\" aria-roledescription=\"slide\" aria-label=\"5 de 5\"><figure class=\"swiper-slide-inner\"><img decoding=\"async\" class=\"swiper-slide-image\" src=\"https:\/\/msametalmecanica.com.br\/wp-content\/uploads\/2024\/10\/5-1-150x150.png\" alt=\"\" \/><\/figure><\/div>\t\t\t<\/div>\n\t\t\t\t\t\t\t\n\t\t\t\t\t\t\t\t\t<\/div>\n\t\t\t\t<\/div>\n\t\t\t\t<\/div>\n\t\t\t\t\t<\/div>\n\t\t\t\t<\/div>\n\t\t<div class=\"elementor-element elementor-element-4918adeb e-flex e-con-boxed e-con e-parent\" data-id=\"4918adeb\" data-element_type=\"container\" data-settings=\"{&quot;background_background&quot;:&quot;classic&quot;}\">\n\t\t\t\t\t<div class=\"e-con-inner\">\n\t\t<div class=\"elementor-element elementor-element-2070adb8 e-con-full e-flex e-con e-child\" data-id=\"2070adb8\" data-element_type=\"container\">\n\t\t\t\t<div class=\"elementor-element elementor-element-666b80df elementor-widget elementor-widget-heading\" data-id=\"666b80df\" data-element_type=\"widget\" data-widget_type=\"heading.default\">\n\t\t\t\t<div class=\"elementor-widget-container\">\n\t\t\t<h2 class=\"elementor-heading-title elementor-size-default\">Fale conosco\n\n<\/h2>\t\t<\/div>\n\t\t\t\t<\/div>\n\t\t\t\t<div class=\"elementor-element elementor-element-41cdc68d elementor-mobile-align-left elementor-list-item-link-inline elementor-widget-mobile__width-initial elementor-icon-list--layout-traditional elementor-widget elementor-widget-icon-list\" data-id=\"41cdc68d\" data-element_type=\"widget\" data-widget_type=\"icon-list.default\">\n\t\t\t\t<div class=\"elementor-widget-container\">\n\t\t\t\t\t<ul class=\"elementor-icon-list-items\">\n\t\t\t\t\t\t\t<li class=\"elementor-icon-list-item\">\n\t\t\t\t\t\t\t\t\t\t\t<span class=\"elementor-icon-list-icon\">\n\t\t\t\t\t\t\t<svg aria-hidden=\"true\" class=\"e-font-icon-svg e-fas-search-location\" viewBox=\"0 0 512 512\" xmlns=\"http:\/\/www.w3.org\/2000\/svg\"><path d=\"M505.04 442.66l-99.71-99.69c-4.5-4.5-10.6-7-17-7h-16.3c27.6-35.3 44-79.69 44-127.99C416.03 93.09 322.92 0 208.02 0S0 93.09 0 207.98s93.11 207.98 208.02 207.98c48.3 0 92.71-16.4 128.01-44v16.3c0 6.4 2.5 12.5 7 17l99.71 99.69c9.4 9.4 24.6 9.4 33.9 0l28.3-28.3c9.4-9.4 9.4-24.59.1-33.99zm-297.02-90.7c-79.54 0-144-64.34-144-143.98 0-79.53 64.35-143.98 144-143.98 79.54 0 144 64.34 144 143.98 0 79.53-64.35 143.98-144 143.98zm.02-239.96c-40.78 0-73.84 33.05-73.84 73.83 0 32.96 48.26 93.05 66.75 114.86a9.24 9.24 0 0 0 14.18 0c18.49-21.81 66.75-81.89 66.75-114.86 0-40.78-33.06-73.83-73.84-73.83zm0 96c-13.26 0-24-10.75-24-24 0-13.26 10.75-24 24-24s24 10.74 24 24c0 13.25-10.75 24-24 24z\"><\/path><\/svg>\t\t\t\t\t\t<\/span>\n\t\t\t\t\t\t\t\t\t\t<span class=\"elementor-icon-list-text\">Av. Presidente Kennedy, 2936 \/ RJ - CEP 27325-001<\/span>\n\t\t\t\t\t\t\t\t\t<\/li>\n\t\t\t\t\t\t\t\t<li class=\"elementor-icon-list-item\">\n\t\t\t\t\t\t\t\t\t\t\t<span class=\"elementor-icon-list-icon\">\n\t\t\t\t\t\t\t<svg aria-hidden=\"true\" class=\"e-font-icon-svg e-fab-whatsapp\" viewBox=\"0 0 448 512\" xmlns=\"http:\/\/www.w3.org\/2000\/svg\"><path d=\"M380.9 97.1C339 55.1 283.2 32 223.9 32c-122.4 0-222 99.6-222 222 0 39.1 10.2 77.3 29.6 111L0 480l117.7-30.9c32.4 17.7 68.9 27 106.1 27h.1c122.3 0 224.1-99.6 224.1-222 0-59.3-25.2-115-67.1-157zm-157 341.6c-33.2 0-65.7-8.9-94-25.7l-6.7-4-69.8 18.3L72 359.2l-4.4-7c-18.5-29.4-28.2-63.3-28.2-98.2 0-101.7 82.8-184.5 184.6-184.5 49.3 0 95.6 19.2 130.4 54.1 34.8 34.9 56.2 81.2 56.1 130.5 0 101.8-84.9 184.6-186.6 184.6zm101.2-138.2c-5.5-2.8-32.8-16.2-37.9-18-5.1-1.9-8.8-2.8-12.5 2.8-3.7 5.6-14.3 18-17.6 21.8-3.2 3.7-6.5 4.2-12 1.4-32.6-16.3-54-29.1-75.5-66-5.7-9.8 5.7-9.1 16.3-30.3 1.8-3.7.9-6.9-.5-9.7-1.4-2.8-12.5-30.1-17.1-41.2-4.5-10.8-9.1-9.3-12.5-9.5-3.2-.2-6.9-.2-10.6-.2-3.7 0-9.7 1.4-14.8 6.9-5.1 5.6-19.4 19-19.4 46.3 0 27.3 19.9 53.7 22.6 57.4 2.8 3.7 39.1 59.7 94.8 83.8 35.2 15.2 49 16.5 66.6 13.9 10.7-1.6 32.8-13.4 37.4-26.4 4.6-13 4.6-24.1 3.2-26.4-1.3-2.5-5-3.9-10.5-6.6z\"><\/path><\/svg>\t\t\t\t\t\t<\/span>\n\t\t\t\t\t\t\t\t\t\t<span class=\"elementor-icon-list-text\">+55 (24) 3322-6791 \/ +55 (24) 98120-4550<\/span>\n\t\t\t\t\t\t\t\t\t<\/li>\n\t\t\t\t\t\t\t\t<li class=\"elementor-icon-list-item\">\n\t\t\t\t\t\t\t\t\t\t\t<span class=\"elementor-icon-list-icon\">\n\t\t\t\t\t\t\t<svg aria-hidden=\"true\" class=\"e-font-icon-svg e-far-envelope\" viewBox=\"0 0 512 512\" xmlns=\"http:\/\/www.w3.org\/2000\/svg\"><path d=\"M464 64H48C21.49 64 0 85.49 0 112v288c0 26.51 21.49 48 48 48h416c26.51 0 48-21.49 48-48V112c0-26.51-21.49-48-48-48zm0 48v40.805c-22.422 18.259-58.168 46.651-134.587 106.49-16.841 13.247-50.201 45.072-73.413 44.701-23.208.375-56.579-31.459-73.413-44.701C106.18 199.465 70.425 171.067 48 152.805V112h416zM48 400V214.398c22.914 18.251 55.409 43.862 104.938 82.646 21.857 17.205 60.134 55.186 103.062 54.955 42.717.231 80.509-37.199 103.053-54.947 49.528-38.783 82.032-64.401 104.947-82.653V400H48z\"><\/path><\/svg>\t\t\t\t\t\t<\/span>\n\t\t\t\t\t\t\t\t\t\t<span class=\"elementor-icon-list-text\">comercial2@msametalmecanica.com.br<\/span>\n\t\t\t\t\t\t\t\t\t<\/li>\n\t\t\t\t\t\t<\/ul>\n\t\t\t\t<\/div>\n\t\t\t\t<\/div>\n\t\t\t\t<\/div>\n\t\t<div class=\"elementor-element elementor-element-11409e75 e-con-full e-flex e-con e-child\" data-id=\"11409e75\" data-element_type=\"container\">\n\t\t\t\t<div class=\"elementor-element elementor-element-10833af7 elementor-widget elementor-widget-image\" data-id=\"10833af7\" data-element_type=\"widget\" data-widget_type=\"image.default\">\n\t\t\t\t<div class=\"elementor-widget-container\">\n\t\t\t\t\t\t\t\t\t\t\t\t\t<img decoding=\"async\" width=\"300\" height=\"300\" src=\"https:\/\/msametalmecanica.com.br\/wp-content\/uploads\/2024\/10\/Design-sem-nome-3-2-300x300.png\" class=\"attachment-medium size-medium wp-image-56\" alt=\"\" srcset=\"https:\/\/msametalmecanica.com.br\/wp-content\/uploads\/2024\/10\/Design-sem-nome-3-2-300x300.png 300w, https:\/\/msametalmecanica.com.br\/wp-content\/uploads\/2024\/10\/Design-sem-nome-3-2-1024x1024.png 1024w, https:\/\/msametalmecanica.com.br\/wp-content\/uploads\/2024\/10\/Design-sem-nome-3-2-150x150.png 150w, https:\/\/msametalmecanica.com.br\/wp-content\/uploads\/2024\/10\/Design-sem-nome-3-2-768x768.png 768w, https:\/\/msametalmecanica.com.br\/wp-content\/uploads\/2024\/10\/Design-sem-nome-3-2.png 1080w\" sizes=\"(max-width: 300px) 100vw, 300px\" \/>\t\t\t\t\t\t\t\t\t\t\t\t\t<\/div>\n\t\t\t\t<\/div>\n\t\t\t\t<\/div>\n\t\t\t\t\t<\/div>\n\t\t\t\t<\/div>\n\t\t\t\t<\/div>\n\t\t","protected":false},"excerpt":{"rendered":"<p>SOBRE A MSAMETALMEC\u00c2NICA A MSAMETALMECANICA (Maltas Solu\u00e7\u00f5es em A\u00e7o) \u00e9 uma empresa estabelecida no mercado de fabrica\u00e7\u00e3o e montagem de estruturas met\u00e1licas, fabrica\u00e7\u00e3o de tubula\u00e7\u00e3o, caldeiraria e usinagem, com medias e grandes obras no seu acervo t\u00e9cnico . Contamos com tr\u00eas unidade fabris em Barra Mansa &#8211; RJ. Nossos processos s\u00e3o certificados, o que garante [&hellip;]<\/p>\n","protected":false},"author":1,"featured_media":0,"parent":0,"menu_order":0,"comment_status":"closed","ping_status":"closed","template":"elementor_canvas","meta":{"_joinchat":[],"footnotes":""},"class_list":["post-9","page","type-page","status-publish","hentry"],"_links":{"self":[{"href":"https:\/\/msametalmecanica.com.br\/index.php\/wp-json\/wp\/v2\/pages\/9","targetHints":{"allow":["GET"]}}],"collection":[{"href":"https:\/\/msametalmecanica.com.br\/index.php\/wp-json\/wp\/v2\/pages"}],"about":[{"href":"https:\/\/msametalmecanica.com.br\/index.php\/wp-json\/wp\/v2\/types\/page"}],"author":[{"embeddable":true,"href":"https:\/\/msametalmecanica.com.br\/index.php\/wp-json\/wp\/v2\/users\/1"}],"replies":[{"embeddable":true,"href":"https:\/\/msametalmecanica.com.br\/index.php\/wp-json\/wp\/v2\/comments?post=9"}],"version-history":[{"count":29,"href":"https:\/\/msametalmecanica.com.br\/index.php\/wp-json\/wp\/v2\/pages\/9\/revisions"}],"predecessor-version":[{"id":496,"href":"https:\/\/msametalmecanica.com.br\/index.php\/wp-json\/wp\/v2\/pages\/9\/revisions\/496"}],"wp:attachment":[{"href":"https:\/\/msametalmecanica.com.br\/index.php\/wp-json\/wp\/v2\/media?parent=9"}],"curies":[{"name":"wp","href":"https:\/\/api.w.org\/{rel}","templated":true}]}}