{"id":74,"date":"2024-10-10T17:04:12","date_gmt":"2024-10-10T17:04:12","guid":{"rendered":"https:\/\/msametalmecanica.com.br\/?page_id=74"},"modified":"2024-10-10T17:21:39","modified_gmt":"2024-10-10T17:21:39","slug":"construcao","status":"publish","type":"page","link":"https:\/\/msametalmecanica.com.br\/index.php\/construcao\/","title":{"rendered":"P\u00e1gina em Constru\u00e7\u00e3o"},"content":{"rendered":"\t\t<div data-elementor-type=\"wp-page\" data-elementor-id=\"74\" class=\"elementor elementor-74\" data-elementor-post-type=\"page\">\n\t\t\t\t<div class=\"elementor-element elementor-element-5c7d7e5 e-flex e-con-boxed e-con e-parent\" data-id=\"5c7d7e5\" data-element_type=\"container\">\n\t\t\t\t\t<div class=\"e-con-inner\">\n\t\t\t\t<div class=\"elementor-element elementor-element-1cbde9c elementor-widget__width-initial elementor-widget elementor-widget-image\" data-id=\"1cbde9c\" data-element_type=\"widget\" data-widget_type=\"image.default\">\n\t\t\t\t<div class=\"elementor-widget-container\">\n\t\t\t\t\t\t\t\t\t\t\t\t\t<img fetchpriority=\"high\" decoding=\"async\" width=\"800\" height=\"800\" src=\"https:\/\/msametalmecanica.com.br\/wp-content\/uploads\/2024\/10\/Copia-de-Copia-de-Metalmecanica-1024x1024.png\" class=\"attachment-large size-large wp-image-76\" alt=\"\" srcset=\"https:\/\/msametalmecanica.com.br\/wp-content\/uploads\/2024\/10\/Copia-de-Copia-de-Metalmecanica-1024x1024.png 1024w, https:\/\/msametalmecanica.com.br\/wp-content\/uploads\/2024\/10\/Copia-de-Copia-de-Metalmecanica-300x300.png 300w, https:\/\/msametalmecanica.com.br\/wp-content\/uploads\/2024\/10\/Copia-de-Copia-de-Metalmecanica-150x150.png 150w, https:\/\/msametalmecanica.com.br\/wp-content\/uploads\/2024\/10\/Copia-de-Copia-de-Metalmecanica-768x768.png 768w, https:\/\/msametalmecanica.com.br\/wp-content\/uploads\/2024\/10\/Copia-de-Copia-de-Metalmecanica.png 1080w\" sizes=\"(max-width: 800px) 100vw, 800px\" \/>\t\t\t\t\t\t\t\t\t\t\t\t\t<\/div>\n\t\t\t\t<\/div>\n\t\t\t\t<div class=\"elementor-element elementor-element-56a569e elementor-widget elementor-widget-heading\" data-id=\"56a569e\" data-element_type=\"widget\" data-widget_type=\"heading.default\">\n\t\t\t\t<div class=\"elementor-widget-container\">\n\t\t\t<h2 class=\"elementor-heading-title elementor-size-default\">Site em Atualiza\u00e7\u00e3o<\/h2>\t\t<\/div>\n\t\t\t\t<\/div>\n\t\t\t\t\t<\/div>\n\t\t\t\t<\/div>\n\t\t\t\t<\/div>\n\t\t","protected":false},"excerpt":{"rendered":"<p>Site em Atualiza\u00e7\u00e3o<\/p>\n","protected":false},"author":1,"featured_media":0,"parent":0,"menu_order":0,"comment_status":"closed","ping_status":"closed","template":"elementor_canvas","meta":{"_joinchat":[],"footnotes":""},"class_list":["post-74","page","type-page","status-publish","hentry"],"_links":{"self":[{"href":"https:\/\/msametalmecanica.com.br\/index.php\/wp-json\/wp\/v2\/pages\/74","targetHints":{"allow":["GET"]}}],"collection":[{"href":"https:\/\/msametalmecanica.com.br\/index.php\/wp-json\/wp\/v2\/pages"}],"about":[{"href":"https:\/\/msametalmecanica.com.br\/index.php\/wp-json\/wp\/v2\/types\/page"}],"author":[{"embeddable":true,"href":"https:\/\/msametalmecanica.com.br\/index.php\/wp-json\/wp\/v2\/users\/1"}],"replies":[{"embeddable":true,"href":"https:\/\/msametalmecanica.com.br\/index.php\/wp-json\/wp\/v2\/comments?post=74"}],"version-history":[{"count":8,"href":"https:\/\/msametalmecanica.com.br\/index.php\/wp-json\/wp\/v2\/pages\/74\/revisions"}],"predecessor-version":[{"id":85,"href":"https:\/\/msametalmecanica.com.br\/index.php\/wp-json\/wp\/v2\/pages\/74\/revisions\/85"}],"wp:attachment":[{"href":"https:\/\/msametalmecanica.com.br\/index.php\/wp-json\/wp\/v2\/media?parent=74"}],"curies":[{"name":"wp","href":"https:\/\/api.w.org\/{rel}","templated":true}]}}