{"id":166,"date":"2024-10-10T18:03:32","date_gmt":"2024-10-10T18:03:32","guid":{"rendered":"https:\/\/msametalmecanica.com.br\/?page_id=166"},"modified":"2024-11-03T14:43:24","modified_gmt":"2024-11-03T14:43:24","slug":"campo","status":"publish","type":"page","link":"https:\/\/msametalmecanica.com.br\/index.php\/campo\/","title":{"rendered":"Montagem de Campo"},"content":{"rendered":"\t\t<div data-elementor-type=\"wp-page\" data-elementor-id=\"166\" class=\"elementor elementor-166\" data-elementor-post-type=\"page\">\n\t\t\t\t<div class=\"elementor-element elementor-element-1455951 e-flex e-con-boxed e-con e-parent\" data-id=\"1455951\" data-element_type=\"container\">\n\t\t\t\t\t<div class=\"e-con-inner\">\n\t\t<div class=\"elementor-element elementor-element-12692d1 e-con-full e-flex e-con e-child\" data-id=\"12692d1\" data-element_type=\"container\">\n\t\t\t\t<div class=\"elementor-element elementor-element-8449fb0 elementor-widget elementor-widget-image\" data-id=\"8449fb0\" data-element_type=\"widget\" data-widget_type=\"image.default\">\n\t\t\t\t<div class=\"elementor-widget-container\">\n\t\t\t\t\t\t\t\t\t\t\t\t\t<img fetchpriority=\"high\" decoding=\"async\" width=\"500\" height=\"130\" src=\"https:\/\/msametalmecanica.com.br\/wp-content\/uploads\/2024\/10\/MSHARK.jpg\" class=\"attachment-large size-large wp-image-11\" alt=\"\" srcset=\"https:\/\/msametalmecanica.com.br\/wp-content\/uploads\/2024\/10\/MSHARK.jpg 500w, https:\/\/msametalmecanica.com.br\/wp-content\/uploads\/2024\/10\/MSHARK-300x78.jpg 300w\" sizes=\"(max-width: 500px) 100vw, 500px\" \/>\t\t\t\t\t\t\t\t\t\t\t\t\t<\/div>\n\t\t\t\t<\/div>\n\t\t\t\t<\/div>\n\t\t<div class=\"elementor-element elementor-element-74d01fc e-con-full e-flex e-con e-child\" data-id=\"74d01fc\" data-element_type=\"container\">\n\t\t\t\t<div class=\"elementor-element elementor-element-26a0b9a elementor-nav-menu__align-right elementor-nav-menu--dropdown-tablet elementor-nav-menu__text-align-aside elementor-nav-menu--toggle elementor-nav-menu--burger elementor-widget elementor-widget-nav-menu\" data-id=\"26a0b9a\" data-element_type=\"widget\" data-settings=\"{&quot;layout&quot;:&quot;horizontal&quot;,&quot;submenu_icon&quot;:{&quot;value&quot;:&quot;&lt;svg class=\\&quot;e-font-icon-svg e-fas-caret-down\\&quot; viewBox=\\&quot;0 0 320 512\\&quot; xmlns=\\&quot;http:\\\/\\\/www.w3.org\\\/2000\\\/svg\\&quot;&gt;&lt;path d=\\&quot;M31.3 192h257.3c17.8 0 26.7 21.5 14.1 34.1L174.1 354.8c-7.8 7.8-20.5 7.8-28.3 0L17.2 226.1C4.6 213.5 13.5 192 31.3 192z\\&quot;&gt;&lt;\\\/path&gt;&lt;\\\/svg&gt;&quot;,&quot;library&quot;:&quot;fa-solid&quot;},&quot;toggle&quot;:&quot;burger&quot;}\" data-widget_type=\"nav-menu.default\">\n\t\t\t\t<div class=\"elementor-widget-container\">\n\t\t\t\t\t\t<nav class=\"elementor-nav-menu--main elementor-nav-menu__container elementor-nav-menu--layout-horizontal e--pointer-underline e--animation-fade\">\n\t\t\t\t<ul id=\"menu-1-26a0b9a\" class=\"elementor-nav-menu\"><li class=\"menu-item menu-item-type-post_type menu-item-object-page menu-item-home menu-item-219\"><a href=\"https:\/\/msametalmecanica.com.br\/\" class=\"elementor-item\">In\u00edcio<\/a><\/li>\n<li class=\"menu-item menu-item-type-post_type menu-item-object-page menu-item-282\"><a href=\"https:\/\/msametalmecanica.com.br\/index.php\/empresa\/\" class=\"elementor-item\">A Empresa<\/a><\/li>\n<li class=\"menu-item menu-item-type-custom menu-item-object-custom menu-item-has-children menu-item-226\"><a href=\"#servicos\" class=\"elementor-item elementor-item-anchor\">Servi\u00e7os<\/a>\n<ul class=\"sub-menu elementor-nav-menu--dropdown\">\n\t<li class=\"menu-item menu-item-type-post_type menu-item-object-page menu-item-218\"><a href=\"https:\/\/msametalmecanica.com.br\/index.php\/grade\/\" class=\"elementor-sub-item\">Grade de Piso<\/a><\/li>\n\t<li class=\"menu-item menu-item-type-post_type menu-item-object-page menu-item-215\"><a href=\"https:\/\/msametalmecanica.com.br\/index.php\/cortedobra\/\" class=\"elementor-sub-item\">Corte e Dobra<\/a><\/li>\n\t<li class=\"menu-item menu-item-type-post_type menu-item-object-page menu-item-214\"><a href=\"https:\/\/msametalmecanica.com.br\/index.php\/cortelaser\/\" class=\"elementor-sub-item\">Corte \u00e0 Laser<\/a><\/li>\n\t<li class=\"menu-item menu-item-type-post_type menu-item-object-page menu-item-221\"><a href=\"https:\/\/msametalmecanica.com.br\/index.php\/suporte\/\" class=\"elementor-sub-item\">Suporte para Tubula\u00e7\u00e3o<\/a><\/li>\n\t<li class=\"menu-item menu-item-type-post_type menu-item-object-page menu-item-220\"><a href=\"https:\/\/msametalmecanica.com.br\/index.php\/campo\/\" class=\"elementor-sub-item\">Montagem de Campo<\/a><\/li>\n\t<li class=\"menu-item menu-item-type-post_type menu-item-object-page menu-item-213\"><a href=\"https:\/\/msametalmecanica.com.br\/index.php\/caldeiraria\/\" class=\"elementor-sub-item\">Caldeiraria sob encomenda<\/a><\/li>\n\t<li class=\"menu-item menu-item-type-post_type menu-item-object-page menu-item-216\"><a href=\"https:\/\/msametalmecanica.com.br\/index.php\/estruturas\/\" class=\"elementor-sub-item\">Fabrica\u00e7\u00e3o de Estruturas Met\u00e1licas<\/a><\/li>\n<\/ul>\n<\/li>\n<li class=\"menu-item menu-item-type-post_type menu-item-object-page menu-item-292\"><a href=\"https:\/\/msametalmecanica.com.br\/index.php\/imagen\/\" class=\"elementor-item\">Galeria de Obras<\/a><\/li>\n<\/ul>\t\t\t<\/nav>\n\t\t\t\t\t<div class=\"elementor-menu-toggle\" role=\"button\" tabindex=\"0\" aria-label=\"Menu Toggle\" aria-expanded=\"false\">\n\t\t\t<svg aria-hidden=\"true\" role=\"presentation\" class=\"elementor-menu-toggle__icon--open e-font-icon-svg e-eicon-menu-bar\" viewBox=\"0 0 1000 1000\" xmlns=\"http:\/\/www.w3.org\/2000\/svg\"><path d=\"M104 333H896C929 333 958 304 958 271S929 208 896 208H104C71 208 42 237 42 271S71 333 104 333ZM104 583H896C929 583 958 554 958 521S929 458 896 458H104C71 458 42 487 42 521S71 583 104 583ZM104 833H896C929 833 958 804 958 771S929 708 896 708H104C71 708 42 737 42 771S71 833 104 833Z\"><\/path><\/svg><svg aria-hidden=\"true\" role=\"presentation\" class=\"elementor-menu-toggle__icon--close e-font-icon-svg e-eicon-close\" viewBox=\"0 0 1000 1000\" xmlns=\"http:\/\/www.w3.org\/2000\/svg\"><path d=\"M742 167L500 408 258 167C246 154 233 150 217 150 196 150 179 158 167 167 154 179 150 196 150 212 150 229 154 242 171 254L408 500 167 742C138 771 138 800 167 829 196 858 225 858 254 829L496 587 738 829C750 842 767 846 783 846 800 846 817 842 829 829 842 817 846 804 846 783 846 767 842 750 829 737L588 500 833 258C863 229 863 200 833 171 804 137 775 137 742 167Z\"><\/path><\/svg>\t\t\t<span class=\"elementor-screen-only\">Menu<\/span>\n\t\t<\/div>\n\t\t\t\t\t<nav class=\"elementor-nav-menu--dropdown elementor-nav-menu__container\" aria-hidden=\"true\">\n\t\t\t\t<ul id=\"menu-2-26a0b9a\" class=\"elementor-nav-menu\"><li class=\"menu-item menu-item-type-post_type menu-item-object-page menu-item-home menu-item-219\"><a href=\"https:\/\/msametalmecanica.com.br\/\" class=\"elementor-item\" tabindex=\"-1\">In\u00edcio<\/a><\/li>\n<li class=\"menu-item menu-item-type-post_type menu-item-object-page menu-item-282\"><a href=\"https:\/\/msametalmecanica.com.br\/index.php\/empresa\/\" class=\"elementor-item\" tabindex=\"-1\">A Empresa<\/a><\/li>\n<li class=\"menu-item menu-item-type-custom menu-item-object-custom menu-item-has-children menu-item-226\"><a href=\"#servicos\" class=\"elementor-item elementor-item-anchor\" tabindex=\"-1\">Servi\u00e7os<\/a>\n<ul class=\"sub-menu elementor-nav-menu--dropdown\">\n\t<li class=\"menu-item menu-item-type-post_type menu-item-object-page menu-item-218\"><a href=\"https:\/\/msametalmecanica.com.br\/index.php\/grade\/\" class=\"elementor-sub-item\" tabindex=\"-1\">Grade de Piso<\/a><\/li>\n\t<li class=\"menu-item menu-item-type-post_type menu-item-object-page menu-item-215\"><a href=\"https:\/\/msametalmecanica.com.br\/index.php\/cortedobra\/\" class=\"elementor-sub-item\" tabindex=\"-1\">Corte e Dobra<\/a><\/li>\n\t<li class=\"menu-item menu-item-type-post_type menu-item-object-page menu-item-214\"><a href=\"https:\/\/msametalmecanica.com.br\/index.php\/cortelaser\/\" class=\"elementor-sub-item\" tabindex=\"-1\">Corte \u00e0 Laser<\/a><\/li>\n\t<li class=\"menu-item menu-item-type-post_type menu-item-object-page menu-item-221\"><a href=\"https:\/\/msametalmecanica.com.br\/index.php\/suporte\/\" class=\"elementor-sub-item\" tabindex=\"-1\">Suporte para Tubula\u00e7\u00e3o<\/a><\/li>\n\t<li class=\"menu-item menu-item-type-post_type menu-item-object-page menu-item-220\"><a href=\"https:\/\/msametalmecanica.com.br\/index.php\/campo\/\" class=\"elementor-sub-item\" tabindex=\"-1\">Montagem de Campo<\/a><\/li>\n\t<li class=\"menu-item menu-item-type-post_type menu-item-object-page menu-item-213\"><a href=\"https:\/\/msametalmecanica.com.br\/index.php\/caldeiraria\/\" class=\"elementor-sub-item\" tabindex=\"-1\">Caldeiraria sob encomenda<\/a><\/li>\n\t<li class=\"menu-item menu-item-type-post_type menu-item-object-page menu-item-216\"><a href=\"https:\/\/msametalmecanica.com.br\/index.php\/estruturas\/\" class=\"elementor-sub-item\" tabindex=\"-1\">Fabrica\u00e7\u00e3o de Estruturas Met\u00e1licas<\/a><\/li>\n<\/ul>\n<\/li>\n<li class=\"menu-item menu-item-type-post_type menu-item-object-page menu-item-292\"><a href=\"https:\/\/msametalmecanica.com.br\/index.php\/imagen\/\" class=\"elementor-item\" tabindex=\"-1\">Galeria de Obras<\/a><\/li>\n<\/ul>\t\t\t<\/nav>\n\t\t\t\t<\/div>\n\t\t\t\t<\/div>\n\t\t\t\t<\/div>\n\t\t\t\t\t<\/div>\n\t\t\t\t<\/div>\n\t\t<div class=\"elementor-element elementor-element-6d0f7b95 e-flex e-con-boxed e-con e-parent\" data-id=\"6d0f7b95\" data-element_type=\"container\">\n\t\t\t\t\t<div class=\"e-con-inner\">\n\t\t<div class=\"elementor-element elementor-element-23f3a4d e-con-full e-flex e-con e-child\" data-id=\"23f3a4d\" data-element_type=\"container\">\n\t\t\t\t<div class=\"elementor-element elementor-element-3896bc11 elementor-widget elementor-widget-image\" data-id=\"3896bc11\" data-element_type=\"widget\" data-widget_type=\"image.default\">\n\t\t\t\t<div class=\"elementor-widget-container\">\n\t\t\t\t\t\t\t\t\t\t\t\t\t<img decoding=\"async\" width=\"455\" height=\"505\" src=\"https:\/\/msametalmecanica.com.br\/wp-content\/uploads\/2024\/10\/Sem-nome-455-x-505-px-1.png\" class=\"attachment-large size-large wp-image-168\" alt=\"\" srcset=\"https:\/\/msametalmecanica.com.br\/wp-content\/uploads\/2024\/10\/Sem-nome-455-x-505-px-1.png 455w, https:\/\/msametalmecanica.com.br\/wp-content\/uploads\/2024\/10\/Sem-nome-455-x-505-px-1-270x300.png 270w\" sizes=\"(max-width: 455px) 100vw, 455px\" \/>\t\t\t\t\t\t\t\t\t\t\t\t\t<\/div>\n\t\t\t\t<\/div>\n\t\t\t\t<\/div>\n\t\t<div class=\"elementor-element elementor-element-554f621d e-con-full e-flex e-con e-child\" data-id=\"554f621d\" data-element_type=\"container\">\n\t\t\t\t<div class=\"elementor-element elementor-element-5d3aac17 elementor-widget elementor-widget-heading\" data-id=\"5d3aac17\" data-element_type=\"widget\" data-widget_type=\"heading.default\">\n\t\t\t\t<div class=\"elementor-widget-container\">\n\t\t\t<h2 class=\"elementor-heading-title elementor-size-default\">Montagem de campo<\/h2>\t\t<\/div>\n\t\t\t\t<\/div>\n\t\t\t\t<\/div>\n\t\t\t\t\t<\/div>\n\t\t\t\t<\/div>\n\t\t<div class=\"elementor-element elementor-element-13540124 e-flex e-con-boxed e-con e-parent\" data-id=\"13540124\" data-element_type=\"container\">\n\t\t\t\t\t<div class=\"e-con-inner\">\n\t\t\t\t<div class=\"elementor-element elementor-element-68e19e8d elementor-widget elementor-widget-image-gallery\" data-id=\"68e19e8d\" data-element_type=\"widget\" data-widget_type=\"image-gallery.default\">\n\t\t\t\t<div class=\"elementor-widget-container\">\n\t\t\t\t\t<div class=\"elementor-image-gallery\">\n\t\t\t<div id='gallery-1' class='gallery galleryid-166 gallery-columns-3 gallery-size-large'><figure class='gallery-item'>\n\t\t\t<div class='gallery-icon landscape'>\n\t\t\t\t<a data-elementor-open-lightbox=\"yes\" data-elementor-lightbox-slideshow=\"68e19e8d\" data-elementor-lightbox-title=\"7.png\" data-e-action-hash=\"#elementor-action%3Aaction%3Dlightbox%26settings%3DeyJpZCI6MTY5LCJ1cmwiOiJodHRwczpcL1wvbXNhbWV0YWxtZWNhbmljYS5jb20uYnJcL3dwLWNvbnRlbnRcL3VwbG9hZHNcLzIwMjRcLzEwXC83LnBuZyIsInNsaWRlc2hvdyI6IjY4ZTE5ZThkIn0%3D\" href='https:\/\/msametalmecanica.com.br\/wp-content\/uploads\/2024\/10\/7.png'><img decoding=\"async\" width=\"800\" height=\"800\" src=\"https:\/\/msametalmecanica.com.br\/wp-content\/uploads\/2024\/10\/7-1024x1024.png\" class=\"attachment-large size-large\" alt=\"\" srcset=\"https:\/\/msametalmecanica.com.br\/wp-content\/uploads\/2024\/10\/7-1024x1024.png 1024w, https:\/\/msametalmecanica.com.br\/wp-content\/uploads\/2024\/10\/7-300x300.png 300w, https:\/\/msametalmecanica.com.br\/wp-content\/uploads\/2024\/10\/7-150x150.png 150w, https:\/\/msametalmecanica.com.br\/wp-content\/uploads\/2024\/10\/7-768x768.png 768w, https:\/\/msametalmecanica.com.br\/wp-content\/uploads\/2024\/10\/7.png 1080w\" sizes=\"(max-width: 800px) 100vw, 800px\" \/><\/a>\n\t\t\t<\/div><\/figure><figure class='gallery-item'>\n\t\t\t<div class='gallery-icon landscape'>\n\t\t\t\t<a data-elementor-open-lightbox=\"yes\" data-elementor-lightbox-slideshow=\"68e19e8d\" data-elementor-lightbox-title=\"8.png\" data-e-action-hash=\"#elementor-action%3Aaction%3Dlightbox%26settings%3DeyJpZCI6MTcwLCJ1cmwiOiJodHRwczpcL1wvbXNhbWV0YWxtZWNhbmljYS5jb20uYnJcL3dwLWNvbnRlbnRcL3VwbG9hZHNcLzIwMjRcLzEwXC84LnBuZyIsInNsaWRlc2hvdyI6IjY4ZTE5ZThkIn0%3D\" href='https:\/\/msametalmecanica.com.br\/wp-content\/uploads\/2024\/10\/8.png'><img loading=\"lazy\" decoding=\"async\" width=\"800\" height=\"800\" src=\"https:\/\/msametalmecanica.com.br\/wp-content\/uploads\/2024\/10\/8-1024x1024.png\" class=\"attachment-large size-large\" alt=\"\" srcset=\"https:\/\/msametalmecanica.com.br\/wp-content\/uploads\/2024\/10\/8-1024x1024.png 1024w, https:\/\/msametalmecanica.com.br\/wp-content\/uploads\/2024\/10\/8-300x300.png 300w, https:\/\/msametalmecanica.com.br\/wp-content\/uploads\/2024\/10\/8-150x150.png 150w, https:\/\/msametalmecanica.com.br\/wp-content\/uploads\/2024\/10\/8-768x768.png 768w, https:\/\/msametalmecanica.com.br\/wp-content\/uploads\/2024\/10\/8.png 1080w\" sizes=\"(max-width: 800px) 100vw, 800px\" \/><\/a>\n\t\t\t<\/div><\/figure><figure class='gallery-item'>\n\t\t\t<div class='gallery-icon landscape'>\n\t\t\t\t<a data-elementor-open-lightbox=\"yes\" data-elementor-lightbox-slideshow=\"68e19e8d\" data-elementor-lightbox-title=\"9.png\" data-e-action-hash=\"#elementor-action%3Aaction%3Dlightbox%26settings%3DeyJpZCI6MTcxLCJ1cmwiOiJodHRwczpcL1wvbXNhbWV0YWxtZWNhbmljYS5jb20uYnJcL3dwLWNvbnRlbnRcL3VwbG9hZHNcLzIwMjRcLzEwXC85LnBuZyIsInNsaWRlc2hvdyI6IjY4ZTE5ZThkIn0%3D\" href='https:\/\/msametalmecanica.com.br\/wp-content\/uploads\/2024\/10\/9.png'><img loading=\"lazy\" decoding=\"async\" width=\"800\" height=\"800\" src=\"https:\/\/msametalmecanica.com.br\/wp-content\/uploads\/2024\/10\/9-1024x1024.png\" class=\"attachment-large size-large\" alt=\"\" srcset=\"https:\/\/msametalmecanica.com.br\/wp-content\/uploads\/2024\/10\/9-1024x1024.png 1024w, https:\/\/msametalmecanica.com.br\/wp-content\/uploads\/2024\/10\/9-300x300.png 300w, https:\/\/msametalmecanica.com.br\/wp-content\/uploads\/2024\/10\/9-150x150.png 150w, https:\/\/msametalmecanica.com.br\/wp-content\/uploads\/2024\/10\/9-768x768.png 768w, https:\/\/msametalmecanica.com.br\/wp-content\/uploads\/2024\/10\/9.png 1080w\" sizes=\"(max-width: 800px) 100vw, 800px\" \/><\/a>\n\t\t\t<\/div><\/figure>\n\t\t<\/div>\n\t\t<\/div>\n\t\t\t\t<\/div>\n\t\t\t\t<\/div>\n\t\t\t\t\t<\/div>\n\t\t\t\t<\/div>\n\t\t<div class=\"elementor-element elementor-element-3ad0b04a e-flex e-con-boxed e-con e-parent\" data-id=\"3ad0b04a\" data-element_type=\"container\" data-settings=\"{&quot;background_background&quot;:&quot;classic&quot;}\">\n\t\t\t\t\t<div class=\"e-con-inner\">\n\t\t<div class=\"elementor-element elementor-element-163eebe e-con-full e-flex e-con e-child\" data-id=\"163eebe\" data-element_type=\"container\">\n\t\t\t\t<div class=\"elementor-element elementor-element-3846883 elementor-widget elementor-widget-heading\" data-id=\"3846883\" data-element_type=\"widget\" data-widget_type=\"heading.default\">\n\t\t\t\t<div class=\"elementor-widget-container\">\n\t\t\t<h2 class=\"elementor-heading-title elementor-size-default\">Fale conosco\n\n<\/h2>\t\t<\/div>\n\t\t\t\t<\/div>\n\t\t\t\t<div class=\"elementor-element elementor-element-19a9d5bb elementor-mobile-align-left elementor-icon-list--layout-traditional elementor-list-item-link-full_width elementor-widget elementor-widget-icon-list\" data-id=\"19a9d5bb\" data-element_type=\"widget\" data-widget_type=\"icon-list.default\">\n\t\t\t\t<div class=\"elementor-widget-container\">\n\t\t\t\t\t<ul class=\"elementor-icon-list-items\">\n\t\t\t\t\t\t\t<li class=\"elementor-icon-list-item\">\n\t\t\t\t\t\t\t\t\t\t\t<span class=\"elementor-icon-list-icon\">\n\t\t\t\t\t\t\t<svg aria-hidden=\"true\" class=\"e-font-icon-svg e-fas-search-location\" viewBox=\"0 0 512 512\" xmlns=\"http:\/\/www.w3.org\/2000\/svg\"><path d=\"M505.04 442.66l-99.71-99.69c-4.5-4.5-10.6-7-17-7h-16.3c27.6-35.3 44-79.69 44-127.99C416.03 93.09 322.92 0 208.02 0S0 93.09 0 207.98s93.11 207.98 208.02 207.98c48.3 0 92.71-16.4 128.01-44v16.3c0 6.4 2.5 12.5 7 17l99.71 99.69c9.4 9.4 24.6 9.4 33.9 0l28.3-28.3c9.4-9.4 9.4-24.59.1-33.99zm-297.02-90.7c-79.54 0-144-64.34-144-143.98 0-79.53 64.35-143.98 144-143.98 79.54 0 144 64.34 144 143.98 0 79.53-64.35 143.98-144 143.98zm.02-239.96c-40.78 0-73.84 33.05-73.84 73.83 0 32.96 48.26 93.05 66.75 114.86a9.24 9.24 0 0 0 14.18 0c18.49-21.81 66.75-81.89 66.75-114.86 0-40.78-33.06-73.83-73.84-73.83zm0 96c-13.26 0-24-10.75-24-24 0-13.26 10.75-24 24-24s24 10.74 24 24c0 13.25-10.75 24-24 24z\"><\/path><\/svg>\t\t\t\t\t\t<\/span>\n\t\t\t\t\t\t\t\t\t\t<span class=\"elementor-icon-list-text\">Av. Presidente Kennedy, 2936 \/ RJ - CEP 27325-001<\/span>\n\t\t\t\t\t\t\t\t\t<\/li>\n\t\t\t\t\t\t\t\t<li class=\"elementor-icon-list-item\">\n\t\t\t\t\t\t\t\t\t\t\t<span class=\"elementor-icon-list-icon\">\n\t\t\t\t\t\t\t<svg aria-hidden=\"true\" class=\"e-font-icon-svg e-fab-whatsapp\" viewBox=\"0 0 448 512\" xmlns=\"http:\/\/www.w3.org\/2000\/svg\"><path d=\"M380.9 97.1C339 55.1 283.2 32 223.9 32c-122.4 0-222 99.6-222 222 0 39.1 10.2 77.3 29.6 111L0 480l117.7-30.9c32.4 17.7 68.9 27 106.1 27h.1c122.3 0 224.1-99.6 224.1-222 0-59.3-25.2-115-67.1-157zm-157 341.6c-33.2 0-65.7-8.9-94-25.7l-6.7-4-69.8 18.3L72 359.2l-4.4-7c-18.5-29.4-28.2-63.3-28.2-98.2 0-101.7 82.8-184.5 184.6-184.5 49.3 0 95.6 19.2 130.4 54.1 34.8 34.9 56.2 81.2 56.1 130.5 0 101.8-84.9 184.6-186.6 184.6zm101.2-138.2c-5.5-2.8-32.8-16.2-37.9-18-5.1-1.9-8.8-2.8-12.5 2.8-3.7 5.6-14.3 18-17.6 21.8-3.2 3.7-6.5 4.2-12 1.4-32.6-16.3-54-29.1-75.5-66-5.7-9.8 5.7-9.1 16.3-30.3 1.8-3.7.9-6.9-.5-9.7-1.4-2.8-12.5-30.1-17.1-41.2-4.5-10.8-9.1-9.3-12.5-9.5-3.2-.2-6.9-.2-10.6-.2-3.7 0-9.7 1.4-14.8 6.9-5.1 5.6-19.4 19-19.4 46.3 0 27.3 19.9 53.7 22.6 57.4 2.8 3.7 39.1 59.7 94.8 83.8 35.2 15.2 49 16.5 66.6 13.9 10.7-1.6 32.8-13.4 37.4-26.4 4.6-13 4.6-24.1 3.2-26.4-1.3-2.5-5-3.9-10.5-6.6z\"><\/path><\/svg>\t\t\t\t\t\t<\/span>\n\t\t\t\t\t\t\t\t\t\t<span class=\"elementor-icon-list-text\">+55 (24) 3322-6791 \/ +55 (24) 98120-4550<\/span>\n\t\t\t\t\t\t\t\t\t<\/li>\n\t\t\t\t\t\t\t\t<li class=\"elementor-icon-list-item\">\n\t\t\t\t\t\t\t\t\t\t\t<span class=\"elementor-icon-list-icon\">\n\t\t\t\t\t\t\t<svg aria-hidden=\"true\" class=\"e-font-icon-svg e-far-envelope\" viewBox=\"0 0 512 512\" xmlns=\"http:\/\/www.w3.org\/2000\/svg\"><path d=\"M464 64H48C21.49 64 0 85.49 0 112v288c0 26.51 21.49 48 48 48h416c26.51 0 48-21.49 48-48V112c0-26.51-21.49-48-48-48zm0 48v40.805c-22.422 18.259-58.168 46.651-134.587 106.49-16.841 13.247-50.201 45.072-73.413 44.701-23.208.375-56.579-31.459-73.413-44.701C106.18 199.465 70.425 171.067 48 152.805V112h416zM48 400V214.398c22.914 18.251 55.409 43.862 104.938 82.646 21.857 17.205 60.134 55.186 103.062 54.955 42.717.231 80.509-37.199 103.053-54.947 49.528-38.783 82.032-64.401 104.947-82.653V400H48z\"><\/path><\/svg>\t\t\t\t\t\t<\/span>\n\t\t\t\t\t\t\t\t\t\t<span class=\"elementor-icon-list-text\">comercial2@msametalmecanica.com.br<\/span>\n\t\t\t\t\t\t\t\t\t<\/li>\n\t\t\t\t\t\t<\/ul>\n\t\t\t\t<\/div>\n\t\t\t\t<\/div>\n\t\t\t\t<\/div>\n\t\t<div class=\"elementor-element elementor-element-4b5abc11 e-con-full e-flex e-con e-child\" data-id=\"4b5abc11\" data-element_type=\"container\">\n\t\t\t\t<div class=\"elementor-element elementor-element-6ec3e7f1 elementor-widget elementor-widget-image\" data-id=\"6ec3e7f1\" data-element_type=\"widget\" data-widget_type=\"image.default\">\n\t\t\t\t<div class=\"elementor-widget-container\">\n\t\t\t\t\t\t\t\t\t\t\t\t\t<img loading=\"lazy\" decoding=\"async\" width=\"300\" height=\"300\" src=\"https:\/\/msametalmecanica.com.br\/wp-content\/uploads\/2024\/10\/Design-sem-nome-3-2-300x300.png\" class=\"attachment-medium size-medium wp-image-56\" alt=\"\" srcset=\"https:\/\/msametalmecanica.com.br\/wp-content\/uploads\/2024\/10\/Design-sem-nome-3-2-300x300.png 300w, https:\/\/msametalmecanica.com.br\/wp-content\/uploads\/2024\/10\/Design-sem-nome-3-2-1024x1024.png 1024w, https:\/\/msametalmecanica.com.br\/wp-content\/uploads\/2024\/10\/Design-sem-nome-3-2-150x150.png 150w, https:\/\/msametalmecanica.com.br\/wp-content\/uploads\/2024\/10\/Design-sem-nome-3-2-768x768.png 768w, https:\/\/msametalmecanica.com.br\/wp-content\/uploads\/2024\/10\/Design-sem-nome-3-2.png 1080w\" sizes=\"(max-width: 300px) 100vw, 300px\" \/>\t\t\t\t\t\t\t\t\t\t\t\t\t<\/div>\n\t\t\t\t<\/div>\n\t\t\t\t<\/div>\n\t\t\t\t\t<\/div>\n\t\t\t\t<\/div>\n\t\t\t\t<\/div>\n\t\t","protected":false},"excerpt":{"rendered":"<p>Montagem de campo Fale conosco Av. Presidente Kennedy, 2936 \/ RJ &#8211; CEP 27325-001 +55 (24) 3322-6791 \/ +55 (24) 98120-4550 comercial2@msametalmecanica.com.br<\/p>\n","protected":false},"author":1,"featured_media":0,"parent":0,"menu_order":0,"comment_status":"closed","ping_status":"closed","template":"elementor_canvas","meta":{"_joinchat":[],"footnotes":""},"class_list":["post-166","page","type-page","status-publish","hentry"],"_links":{"self":[{"href":"https:\/\/msametalmecanica.com.br\/index.php\/wp-json\/wp\/v2\/pages\/166","targetHints":{"allow":["GET"]}}],"collection":[{"href":"https:\/\/msametalmecanica.com.br\/index.php\/wp-json\/wp\/v2\/pages"}],"about":[{"href":"https:\/\/msametalmecanica.com.br\/index.php\/wp-json\/wp\/v2\/types\/page"}],"author":[{"embeddable":true,"href":"https:\/\/msametalmecanica.com.br\/index.php\/wp-json\/wp\/v2\/users\/1"}],"replies":[{"embeddable":true,"href":"https:\/\/msametalmecanica.com.br\/index.php\/wp-json\/wp\/v2\/comments?post=166"}],"version-history":[{"count":21,"href":"https:\/\/msametalmecanica.com.br\/index.php\/wp-json\/wp\/v2\/pages\/166\/revisions"}],"predecessor-version":[{"id":486,"href":"https:\/\/msametalmecanica.com.br\/index.php\/wp-json\/wp\/v2\/pages\/166\/revisions\/486"}],"wp:attachment":[{"href":"https:\/\/msametalmecanica.com.br\/index.php\/wp-json\/wp\/v2\/media?parent=166"}],"curies":[{"name":"wp","href":"https:\/\/api.w.org\/{rel}","templated":true}]}}